{"id":1650,"date":"2019-08-08T02:14:40","date_gmt":"2019-08-08T02:14:40","guid":{"rendered":"https:\/\/phox.whmcsdes.com\/startup\/?page_id=13"},"modified":"2026-02-05T11:47:55","modified_gmt":"2026-02-05T07:47:55","slug":"%d8%a7%d9%84%d8%b1%d8%a6%d9%8a%d8%b3%d9%8a%d8%a9","status":"publish","type":"page","link":"https:\/\/amanhosting.net\/es\/","title":{"rendered":"Hogar"},"content":{"rendered":"<div data-elementor-type=\"wp-post\" data-elementor-id=\"1650\" class=\"elementor elementor-1650\" data-elementor-settings=\"{&quot;element_pack_global_tooltip_width&quot;:{&quot;unit&quot;:&quot;px&quot;,&quot;size&quot;:&quot;&quot;,&quot;sizes&quot;:[]},&quot;element_pack_global_tooltip_width_tablet&quot;:{&quot;unit&quot;:&quot;px&quot;,&quot;size&quot;:&quot;&quot;,&quot;sizes&quot;:[]},&quot;element_pack_global_tooltip_width_mobile&quot;:{&quot;unit&quot;:&quot;px&quot;,&quot;size&quot;:&quot;&quot;,&quot;sizes&quot;:[]},&quot;element_pack_global_tooltip_padding&quot;:{&quot;unit&quot;:&quot;px&quot;,&quot;top&quot;:&quot;&quot;,&quot;right&quot;:&quot;&quot;,&quot;bottom&quot;:&quot;&quot;,&quot;left&quot;:&quot;&quot;,&quot;isLinked&quot;:true},&quot;element_pack_global_tooltip_padding_tablet&quot;:{&quot;unit&quot;:&quot;px&quot;,&quot;top&quot;:&quot;&quot;,&quot;right&quot;:&quot;&quot;,&quot;bottom&quot;:&quot;&quot;,&quot;left&quot;:&quot;&quot;,&quot;isLinked&quot;:true},&quot;element_pack_global_tooltip_padding_mobile&quot;:{&quot;unit&quot;:&quot;px&quot;,&quot;top&quot;:&quot;&quot;,&quot;right&quot;:&quot;&quot;,&quot;bottom&quot;:&quot;&quot;,&quot;left&quot;:&quot;&quot;,&quot;isLinked&quot;:true},&quot;element_pack_global_tooltip_border_radius&quot;:{&quot;unit&quot;:&quot;px&quot;,&quot;top&quot;:&quot;&quot;,&quot;right&quot;:&quot;&quot;,&quot;bottom&quot;:&quot;&quot;,&quot;left&quot;:&quot;&quot;,&quot;isLinked&quot;:true},&quot;element_pack_global_tooltip_border_radius_tablet&quot;:{&quot;unit&quot;:&quot;px&quot;,&quot;top&quot;:&quot;&quot;,&quot;right&quot;:&quot;&quot;,&quot;bottom&quot;:&quot;&quot;,&quot;left&quot;:&quot;&quot;,&quot;isLinked&quot;:true},&quot;element_pack_global_tooltip_border_radius_mobile&quot;:{&quot;unit&quot;:&quot;px&quot;,&quot;top&quot;:&quot;&quot;,&quot;right&quot;:&quot;&quot;,&quot;bottom&quot;:&quot;&quot;,&quot;left&quot;:&quot;&quot;,&quot;isLinked&quot;:true}}\" data-elementor-post-type=\"page\">\n\t\t\t\t<div class=\"elementor-element elementor-element-1cf79fd e-flex e-con-boxed e-con e-parent\" data-id=\"1cf79fd\" data-element_type=\"container\" data-e-type=\"container\" data-settings=\"{&quot;background_background&quot;:&quot;classic&quot;,&quot;shape_divider_top&quot;:&quot;tilt&quot;,&quot;shape_divider_bottom&quot;:&quot;tilt&quot;}\">\n\t\t\t\t\t<div class=\"e-con-inner\">\n\t\t\t\t<div class=\"elementor-shape elementor-shape-top\" aria-hidden=\"true\" data-negative=\"false\">\n\t\t\t<svg xmlns=\"http:\/\/www.w3.org\/2000\/svg\" viewbox=\"0 0 1000 100\" preserveaspectratio=\"none\">\n\t<path class=\"elementor-shape-fill\" d=\"M0,6V0h1000v100L0,6z\"><\/path>\n<\/svg>\t\t<\/div>\n\t\t\t\t<div class=\"elementor-shape elementor-shape-bottom\" aria-hidden=\"true\" data-negative=\"false\">\n\t\t\t<svg xmlns=\"http:\/\/www.w3.org\/2000\/svg\" viewbox=\"0 0 1000 100\" preserveaspectratio=\"none\">\n\t<path class=\"elementor-shape-fill\" d=\"M0,6V0h1000v100L0,6z\"><\/path>\n<\/svg>\t\t<\/div>\n\t\t<div class=\"elementor-element elementor-element-7344cd1 e-con-full e-flex e-con e-child\" data-id=\"7344cd1\" data-element_type=\"container\" data-e-type=\"container\">\n\t\t\t\t<div class=\"elementor-element elementor-element-f9e1551 elementor-widget elementor-widget-heading\" data-id=\"f9e1551\" data-element_type=\"widget\" data-e-type=\"widget\" data-widget_type=\"heading.default\">\n\t\t\t\t\t<h2 class=\"elementor-heading-title elementor-size-default\">Todo lo que necesitas para lanzar tu sitio web<\/h2>\t\t\t\t<\/div>\n\t\t\t\t<div class=\"elementor-element elementor-element-8dac406 elementor-widget elementor-widget-text-editor\" data-id=\"8dac406\" data-element_type=\"widget\" data-e-type=\"widget\" data-widget_type=\"text-editor.default\">\n\t\t\t\t\t\t\t\t\t<p>Especializada en la prestaci\u00f3n de servicios de alojamiento en la nube y sitios web, se estableci\u00f3 con el objetivo de proporcionar un entorno de alojamiento seguro, r\u00e1pido y confiable que se adapte a las necesidades de los individuos y las peque\u00f1as y medianas empresas del mundo \u00e1rabe y m\u00e1s all\u00e1.<\/p>\t\t\t\t\t\t\t\t<\/div>\n\t\t\t\t<div class=\"elementor-element elementor-element-60abceb elementor-widget elementor-widget-wdes-forms-widget\" data-id=\"60abceb\" data-element_type=\"widget\" data-e-type=\"widget\" data-widget_type=\"wdes-forms-widget.default\">\n\t\t\t\t<div class=\"elementor-widget-container\">\n\t\t\t\t\t        <div class=\"domain-element-wdes\">\n            <div id=\"wdes-domain-search\">\n                <form id=\"wdes-domain-form\" class=\"domain-search-area-main\" method=\"post\" action=\"https:\/\/amanhosting.net\/es\/whmcs\/clientarea.php\/?action=details\/domainchecker.php\" data-setting=\"{&quot;spinnerIcon&quot;:&quot;fas fa-circle-notch&quot;,&quot;suggestionsSpinnerIcon&quot;:&quot;fas fa-circle-notch&quot;,&quot;whois_button&quot;:&quot;&quot;,&quot;transfer_button&quot;:&quot;&quot;,&quot;nameProperty&quot;:&quot;domain&quot;}\" data-trp-original-action=\"https:\/\/amanhosting.net\/whmcs\/clientarea.php?action=details\/domainchecker.php\">\n                    <div class=\"domain-form-wrapper\">\n                        <div class=\"wdes-domain-input-wrapper\">\n                                                        <input type=\"hidden\" name=\"token\" value=\"0811bf819565bf8142cc613d099e85a27ec1204c\"\/>\n                            <input id=\"wdes-domain\" class=\"sea-dom\" type=\"search\" name=\"domain\" placeholder=\"website.com\"\/>\n\n                            \n                            <input type=\"hidden\" id=\"wdes_lup\" name=\"wdes_lup\" value=\"lup-1\"\/>\n                        <\/div>\n                                                    <input id=\"wdes-search\" class=\"reg-dom\" type=\"submit\" value=\"Buscar\"\/>\n                        \n                        \n                    <\/div>\n                    <div id=\"dc-error-message-invalid\" class=\"d-none\">\n                        <i class=\"fas fa-exclamation-circle\"><\/i>\n                        <p class=\"text-h-warning\">Invalid domain name<\/p>\n                    <\/div>\n\n                    <div id=\"dc-error-message-unsupported\" class=\"d-none\">\n                        <i class=\"fas fa-exclamation-circle\"><\/i>\n                        <p class=\"text-h-warning\">We are not support this extension<\/p>\n                    <\/div>\n\n                    <div class=\"extensions-block\">\n                        \n                                                                                                                                <a href=\"#\" class=\"block elementor-repeater-item-cb03f7a inline\">\n                                                                            <\/a>\n                                                                                                                                        <\/div>\n\n                    \n                    <div id=\"preloader-resource\" data-priority-tlds='[{\"tld\":\"domain-\",\"price\":\"&#36;\"}]' data-priority-local-tlds='[]'><\/div>\n                    <!-- Result section-->\n                    <div id=\"wdes-domain-results\" class=\"domain-results-box\">\n                        <!-- Modal -->\n                        <div id=\"wdesDomainWhois\" class=\"modal micromodal-slide\" aria-hidden=\"true\">\n                            <div class=\"modal__overlay\" tabindex=\"-1\" data-micromodal-close>\n                                <div class=\"modal__container\" role=\"dialog\" aria-modal=\"true\" aria-labelledby=\"wdesDomainWhois-title\">\n                                    <header class=\"modal__header\">\n                                        <h2 class=\"modal__title\" id=\"wdesDomainWhoisLabel\">Domain Whois Lookup<\/h2>\n                                        <button class=\"modal__close\" data-micromodal-close aria-label=\"Close this dialog window\"><\/button>\n                                    <\/header>\n                                    <main class=\"modal__content\" id=\"wdesDomainWhois-content\"><\/main>\n                                <\/div>\n                            <\/div>\n                        <\/div>\n                    <\/div>\n\n                    <input type=\"hidden\" name=\"trp-form-language\" value=\"es\"\/><\/form><\/div><\/div><\/div><\/div><\/div><\/div><\/div><\/div> <a href=\"https:\/\/amanhosting.net\/es\/#more-1650\" class=\"more-link elementor-more-link\"><span aria-label=\"Sigue leyendo \u0627\u0644\u0631\u0626\u064a\u0633\u064a\u0629\">option section<\/span><\/a>","protected":false},"excerpt":{"rendered":"<p>\u0643\u0644 \u0645\u0627 \u062a\u062d\u062a\u0627\u062c\u0647 \u0644\u0627\u0637\u0644\u0627\u0642 \u0645\u0648\u0642\u0639\u0643 \u0627\u0644\u0627\u0644\u0643\u062a\u0631\u0648\u0646\u064a \u0645\u062a\u062e\u0635\u0635\u064a\u0646 \u0641\u064a \u062a\u0642\u062f\u064a\u0645 \u062e\u062f\u0645\u0627\u062a \u0633\u062d\u0627\u0628\u064a\u0629 \u0648\u0627\u0633\u062a\u0636\u0627\u0641\u0629 \u0627\u0644\u0645\u0648\u0627\u0642\u0639 \u0627\u0644\u0625\u0644\u0643\u062a\u0631\u0648\u0646\u064a\u0629\u060c \u062a\u0623\u0633\u0633 \u0628\u0647\u062f\u0641 \u062a\u0648\u0641\u064a\u0631 \u0628\u064a\u0626\u0629 \u0627\u0633\u062a\u0636\u0627\u0641\u0629 \u0622\u0645\u0646\u0629\u060c \u0633\u0631\u064a\u0639\u0629 \u0648\u0645\u0648\u062b\u0648\u0642\u0629 \u062a\u0646\u0627\u0633\u0628 \u0627\u062d\u062a\u064a\u0627\u062c\u0627\u062a \u0627\u0644\u0623\u0641\u0631\u0627\u062f \u0648\u0627\u0644\u0634\u0631\u0643\u0627\u062a \u0627\u0644\u0635\u063a\u064a\u0631\u0629 \u0648\u0627\u0644\u0645\u062a\u0648\u0633\u0637\u0629 \u0641\u064a \u0627\u0644\u0639\u0627\u0644\u0645 \u0627\u0644\u0639\u0631\u0628\u064a \u0648\u062e\u0627\u0631\u062c\u0647. Invalid domain name We are not support this extension Domain Whois Lookup<\/p>","protected":false},"author":1,"featured_media":2990,"parent":0,"menu_order":0,"comment_status":"closed","ping_status":"closed","template":"","meta":{"footnotes":""},"class_list":["post-1650","page","type-page","status-publish","has-post-thumbnail","hentry"],"_links":{"self":[{"href":"https:\/\/amanhosting.net\/es\/wp-json\/wp\/v2\/pages\/1650","targetHints":{"allow":["GET"]}}],"collection":[{"href":"https:\/\/amanhosting.net\/es\/wp-json\/wp\/v2\/pages"}],"about":[{"href":"https:\/\/amanhosting.net\/es\/wp-json\/wp\/v2\/types\/page"}],"author":[{"embeddable":true,"href":"https:\/\/amanhosting.net\/es\/wp-json\/wp\/v2\/users\/1"}],"replies":[{"embeddable":true,"href":"https:\/\/amanhosting.net\/es\/wp-json\/wp\/v2\/comments?post=1650"}],"version-history":[{"count":78,"href":"https:\/\/amanhosting.net\/es\/wp-json\/wp\/v2\/pages\/1650\/revisions"}],"predecessor-version":[{"id":4059,"href":"https:\/\/amanhosting.net\/es\/wp-json\/wp\/v2\/pages\/1650\/revisions\/4059"}],"wp:featuredmedia":[{"embeddable":true,"href":"https:\/\/amanhosting.net\/es\/wp-json\/wp\/v2\/media\/2990"}],"wp:attachment":[{"href":"https:\/\/amanhosting.net\/es\/wp-json\/wp\/v2\/media?parent=1650"}],"curies":[{"name":"wp","href":"https:\/\/api.w.org\/{rel}","templated":true}]}}